{"id":542,"date":"2025-01-31T11:12:15","date_gmt":"2025-01-31T11:12:15","guid":{"rendered":"https:\/\/infopauto.com\/?page_id=542"},"modified":"2025-05-19T09:20:52","modified_gmt":"2025-05-19T09:20:52","slug":"politica-de-privacidad","status":"publish","type":"page","link":"https:\/\/infopauto.com\/en\/politica-de-privacidad\/","title":{"rendered":"Privacy policy"},"content":{"rendered":"<div data-elementor-type=\"wp-page\" data-elementor-id=\"542\" class=\"elementor elementor-542\">\n\t\t\t\t<div class=\"elementor-element elementor-element-50dfc62 e-flex e-con-boxed e-con e-parent\" data-id=\"50dfc62\" data-element_type=\"container\" data-e-type=\"container\">\n\t\t\t\t\t<div class=\"e-con-inner\">\n\t\t\t\t<div class=\"elementor-element elementor-element-5982726 elementor-widget elementor-widget-heading\" data-id=\"5982726\" data-element_type=\"widget\" data-e-type=\"widget\" data-widget_type=\"heading.default\">\n\t\t\t\t<div class=\"elementor-widget-container\">\n\t\t\t\t\t<h1 class=\"elementor-heading-title elementor-size-default\">Privacy policy<\/h1>\t\t\t\t<\/div>\n\t\t\t\t<\/div>\n\t\t\t\t\t<\/div>\n\t\t\t\t<\/div>\n\t\t<div class=\"elementor-element elementor-element-7e0b863 e-flex e-con-boxed e-con e-parent\" data-id=\"7e0b863\" data-element_type=\"container\" data-e-type=\"container\">\n\t\t\t\t\t<div class=\"e-con-inner\">\n\t\t\t\t<div class=\"elementor-element elementor-element-d156c52 elementor-widget elementor-widget-text-editor\" data-id=\"d156c52\" data-element_type=\"widget\" data-e-type=\"widget\" data-widget_type=\"text-editor.default\">\n\t\t\t\t<div class=\"elementor-widget-container\">\n\t\t\t\t\t\t\t\t\t<p>En cumplimiento con el REGLAMENTO (UE) 2016\/679 DEL PARLAMENTO EUROPEO Y DEL CONSEJO de 27 de abril de 2016 relativo a la protecci\u00f3n de las personas f\u00edsicas en lo que respecta al tratamiento de datos personales y a la libre circulaci\u00f3n de estos datos (RGPD) y con la LOPDGDD 3\/2018 y resto de legislaci\u00f3n vigente en materia de protecci\u00f3n de datos personales les informamos de:<\/p>\n<p><\/p>\n<p><b>RESPONSABLE: \u00bfQui\u00e9n va a tratar sus datos?<\/b><\/p>\n<p>\u25cf Responsable: i4life innovaci\u00f3n y desarrollos, S.L.<br>\u25cf CIF\/NIF: B52562428<br>\u25cf Domicilio Social: Calle Profesor Potter 183. Edificio Vor\u00e1gine, Parque Cient\u00edfico Tecnol\u00f3gico de Gij\u00f3n. 33203.<br>\u25cf E-mail: dpo@excell.es<\/p>\n<p><b>DPO : Datos de contacto<\/b><\/p>\n<p>E-mail : dpo@excell.es<\/p>\n<p><b>FINALIDAD: \u00bfCon qu\u00e9 finalidad recogemos sus datos?:<\/b><\/p>\n<p>Datos recogidos directamente de clientes para pedidos\/contratos de compra\/presupuestos\/facturaci\u00f3n: Tratamos los datos facilitados por los clientes para darles de alta como clientes en nuestro sistema, gestionar los presupuestos solicitados, mantenimiento de la relaci\u00f3n contractual en el caso de contratar alguno de nuestros servicios y todas las gestiones<br>administrativas derivadas (facturaci\u00f3n, cobros, etc.)<\/p>\n<p>Datos recogidos en el formulario de contacto: Tratamos los datos facilitados con el fin de contestar a la consulta planteada.<\/p>\n<p><b>\u00bfQu\u00e9 datos personales tratamos?<\/b><\/p>\n<p>Datos identificativos: nombre, apellidos, nif, direcci\u00f3n postal, direcci\u00f3n de correo electr\u00f3nico, tel\u00e9fono, puesto<br>Datos de informaci\u00f3n comercial.<br>Datos econ\u00f3micos, financieros y de seguros.<br>Transacciones de bienes y servicios<\/p>\n<p><b>LEGITIMACI\u00d3N (Base jur\u00eddica):<\/b><\/p>\n<p><b>DATOS DE CLIENTES PARA CONTRATOS DE SERVICIOS\/ PRESUPUESTOS\/ FACTURACION\/ COMPRA ON LINE.<\/b><\/p>\n<p>1.-El inter\u00e9s leg\u00edtimo del responsable (Art. 6.1.f RGPD) en mantener la relaci\u00f3n necesaria con los clientes para una correcta prestaci\u00f3n del servicio y comunicar incidencias o remitir informaci\u00f3n comercial de productos semejantes a los adquiridos que pueda ser de inter\u00e9s para el cliente.<br>2.- El cumplimiento del contrato establecido (Art. 6.1.b) entre las partes al contratar alguno de nuestros servicios o adoptar medidas precontractuales.<br>3. \u2013 Cumplimiento de una obligaci\u00f3n legal (Art. 6.1.c RGPD) cuando sea requerido<\/p>\n<p><b>FORMULARIO DE CONTACTO<\/b><\/p>\n<p>1.- Consentimiento del interesado: RGPD: 6.1. a) el interesado dio su consentimiento a trav\u00e9s del formulario de contacto para contestar a la consulta planteada<\/p>\n<p><b>COMUNICACIONES COMERCIALES<\/b><\/p>\n<p>1.- Consentimiento del interesado: RGPD: 6.1. a) el interesado dio su consentimiento a trav\u00e9s de la casilla correspondiente.<\/p>\n<p>Obligaci\u00f3n o no de facilitar datos y consecuencias de no hacerlo: Los datos solicitados en los formularios e indicados como requeridos, son necesarios para poder contactar o contratar nuestros servicios. En el caso de que no se pueda obtener toda la informaci\u00f3n requerida no se podr\u00e1 establecer la comunicaci\u00f3n con LA ENTIDAD, ni gestionar el alta como cliente o realizar el servicio contratado.<\/p>\n<p><b>DESTINATARIOS: \u00bfA qui\u00e9n comunicamos los datos que nos facilita?<\/b><\/p>\n<p>1.- La Administraci\u00f3n p\u00fablica y sus diferentes organismos si los requiriesen por obligaci\u00f3n legal.<br>2.- Gestor del correo electr\u00f3nico y alojamiento web<br>3- Entidades bancarias para la gesti\u00f3n del pago seg\u00fan la forma elegida<br>4- Asesor\u00eda para cumplir con las obligaciones fiscales y societarias de la entidad.<\/p>\n<p>Transferencias internacionales: Actualmente no se realizan transferencias internacionales de datos fuera de la UE<\/p>\n<p><b>CONSERVACI\u00d3N: \u00bfDurante cu\u00e1nto tiempo conservamos sus datos?<\/b><\/p>\n<p>Los datos de clientes y usuarios ser\u00e1n conservados mientras el interesado no solicite la baja y\/o se sigan manteniendo relaciones comerciales. Una vez finalice la relaci\u00f3n o solicite la baja, los datos ser\u00e1n conservados de forma bloqueada a la atenci\u00f3n de posibles requerimientos legales o administrativos hasta la prescripci\u00f3n de los mismos (m\u00ednimo 6 a\u00f1os).<\/p>\n<p><b>DERECHOS: \u00bfCu\u00e1les son sus derechos cuando nos facilita sus datos?<\/b><\/p>\n<p>\u25cf Acceso: El interesado tiene derecho a saber que datos est\u00e1 tratando LA ENTIDAD sobre \u00e9l.<br>\u25cf Rectificaci\u00f3n: El interesado tiene derecho a solicitar la rectificaci\u00f3n de los datos inexactos.<br>\u25cf Supresi\u00f3n: El interesado tiene derecho a solicitar la supresi\u00f3n de sus datos cuando, entro otros motivos, los datos no sean necesarios para los fines que fueron recogidos.<br>\u25cf Limitaci\u00f3n del tratamiento: En determinadas circunstancias el interesado podr\u00e1 solicitar la limitaci\u00f3n del tratamiento de sus datos, en cuyo caso \u00fanicamente los conservaremos para el ejercicio o la defensa de reclamaciones.<br>\u25cf Oposici\u00f3n: En determinadas circunstancias el interesado podr\u00e1 oponerse al tratamiento de sus datos. En ese caso LA ENTIDAD dejar\u00e1 de tratar sus datos, salvo por motivos leg\u00edtimos imperiosos o el ejercicio o la defensa de posibles reclamaciones.<br>\u25cf Portabilidad de los datos: S\u00f3lo aplicable a datos automatizados y consiste en pasar los datos desde LA ENTIDAD a otro nuevo RESPONSABLE DEL TRATAMIENTO (no al interesado y por solicitud del mismo).<\/p>\n<p>Puede usted ejercer sus derechos incluido el derecho a retirar su consentimiento (si este fue otorgado) enviando un escrito a la direcci\u00f3n indicada anteriormente o enviando un e-mail a dpo@excell.es<br>Adem\u00e1s tiene usted derecho a reclamar ante la Agencia Espa\u00f1ola de Protecci\u00f3n de Datos que es la Autoridad de Control:<\/p>\n<p><a href=\"https:\/\/sedeagpd.gob.es\/sede-electronica-web\/vistas\/infoSede\/tramitesCiudadano.jsf?recOrd=1\" target=\"_blank\" style=\"background-color: rgb(255, 255, 255);\" rel=\"noopener\">https:\/\/sedeagpd.gob.es\/sede-electronica-web\/vistas\/infoSede\/tramitesCiudadano.jsf?recOrd=1<\/a><\/p><p><b style=\"font-style: inherit;\">DECISIONES AUTOMATIZADAS<\/b><\/p>\n<p>No se realizan perfiles de usuarios ni tomas de decisiones automatizadas.<\/p>\n<p><b>MEDIDAS DE SEGURIDAD<\/b><\/p>\n<p>La Web est\u00e1 alojada en un servidor seguro y toda la informaci\u00f3n suministrada se transmite a trav\u00e9s&nbsp;de la tecnolog\u00eda Secure Socket Layer (SSL) y luego se encripta en la base de datos de nuestro&nbsp;proveedor de pasarela de pago para que puedan acceder quienes est\u00e1n autorizados a acceder a&nbsp;dichos sistemas y quienes deben mantener la confidencialidad de la informaci\u00f3n.<\/p>\n<p>Estamos certificados seg\u00fan la norma ISO 27001 de Sistemas de Gesti\u00f3n de Seguridad de la Informaci\u00f3n, cumpliendo todos los protocolos de seguridad incluidos en la norma. Adem\u00e1s LA ENTIDAD ha adoptado medidas de seguridad tanto t\u00e9cnicas como organizativas resultantes del An\u00e1lisis de Riesgos y de la Auditoria de cumplimiento realiza sobre el RGPD y la LOPDGDD y el tipo de datos personales gestionados.<\/p>\t\t\t\t\t\t\t\t<\/div>\n\t\t\t\t<\/div>\n\t\t\t\t\t<\/div>\n\t\t\t\t<\/div>\n\t\t\t\t<\/div>","protected":false},"excerpt":{"rendered":"<p>Pol\u00edtica de privacidad En cumplimiento con el REGLAMENTO (UE) 2016\/679 DEL PARLAMENTO EUROPEO Y DEL CONSEJO de 27 de abril [&hellip;]<\/p>\n","protected":false},"author":1,"featured_media":0,"parent":0,"menu_order":0,"comment_status":"closed","ping_status":"closed","template":"","meta":{"site-sidebar-layout":"no-sidebar","site-content-layout":"","ast-site-content-layout":"full-width-container","site-content-style":"default","site-sidebar-style":"default","ast-global-header-display":"","ast-banner-title-visibility":"","ast-main-header-display":"","ast-hfb-above-header-display":"","ast-hfb-below-header-display":"","ast-hfb-mobile-header-display":"","site-post-title":"disabled","ast-breadcrumbs-content":"","ast-featured-img":"disabled","footer-sml-layout":"","ast-disable-related-posts":"","theme-transparent-header-meta":"","adv-header-id-meta":"","stick-header-meta":"","header-above-stick-meta":"","header-main-stick-meta":"","header-below-stick-meta":"","astra-migrate-meta-layouts":"default","ast-page-background-enabled":"default","ast-page-background-meta":{"desktop":{"background-color":"var(--ast-global-color-5)","background-image":"","background-repeat":"repeat","background-position":"center center","background-size":"auto","background-attachment":"scroll","background-type":"","background-media":"","overlay-type":"","overlay-color":"","overlay-opacity":"","overlay-gradient":""},"tablet":{"background-color":"","background-image":"","background-repeat":"repeat","background-position":"center center","background-size":"auto","background-attachment":"scroll","background-type":"","background-media":"","overlay-type":"","overlay-color":"","overlay-opacity":"","overlay-gradient":""},"mobile":{"background-color":"","background-image":"","background-repeat":"repeat","background-position":"center center","background-size":"auto","background-attachment":"scroll","background-type":"","background-media":"","overlay-type":"","overlay-color":"","overlay-opacity":"","overlay-gradient":""}},"ast-content-background-meta":{"desktop":{"background-color":"var(--ast-global-color-4)","background-image":"","background-repeat":"repeat","background-position":"center center","background-size":"auto","background-attachment":"scroll","background-type":"","background-media":"","overlay-type":"","overlay-color":"","overlay-opacity":"","overlay-gradient":""},"tablet":{"background-color":"var(--ast-global-color-4)","background-image":"","background-repeat":"repeat","background-position":"center center","background-size":"auto","background-attachment":"scroll","background-type":"","background-media":"","overlay-type":"","overlay-color":"","overlay-opacity":"","overlay-gradient":""},"mobile":{"background-color":"var(--ast-global-color-4)","background-image":"","background-repeat":"repeat","background-position":"center center","background-size":"auto","background-attachment":"scroll","background-type":"","background-media":"","overlay-type":"","overlay-color":"","overlay-opacity":"","overlay-gradient":""}},"_joinchat":[],"footnotes":""},"class_list":["post-542","page","type-page","status-publish","hentry"],"_links":{"self":[{"href":"https:\/\/infopauto.com\/en\/wp-json\/wp\/v2\/pages\/542","targetHints":{"allow":["GET"]}}],"collection":[{"href":"https:\/\/infopauto.com\/en\/wp-json\/wp\/v2\/pages"}],"about":[{"href":"https:\/\/infopauto.com\/en\/wp-json\/wp\/v2\/types\/page"}],"author":[{"embeddable":true,"href":"https:\/\/infopauto.com\/en\/wp-json\/wp\/v2\/users\/1"}],"replies":[{"embeddable":true,"href":"https:\/\/infopauto.com\/en\/wp-json\/wp\/v2\/comments?post=542"}],"version-history":[{"count":10,"href":"https:\/\/infopauto.com\/en\/wp-json\/wp\/v2\/pages\/542\/revisions"}],"predecessor-version":[{"id":819,"href":"https:\/\/infopauto.com\/en\/wp-json\/wp\/v2\/pages\/542\/revisions\/819"}],"wp:attachment":[{"href":"https:\/\/infopauto.com\/en\/wp-json\/wp\/v2\/media?parent=542"}],"curies":[{"name":"wp","href":"https:\/\/api.w.org\/{rel}","templated":true}]}}