{"id":537,"date":"2025-01-31T11:09:55","date_gmt":"2025-01-31T11:09:55","guid":{"rendered":"https:\/\/infopauto.com\/?page_id=537"},"modified":"2025-01-31T11:11:18","modified_gmt":"2025-01-31T11:11:18","slug":"aviso-legal","status":"publish","type":"page","link":"https:\/\/infopauto.com\/en\/aviso-legal\/","title":{"rendered":"Legal notice"},"content":{"rendered":"<div data-elementor-type=\"wp-page\" data-elementor-id=\"537\" class=\"elementor elementor-537\">\n\t\t\t\t<div class=\"elementor-element elementor-element-6426327 e-flex e-con-boxed e-con e-parent\" data-id=\"6426327\" data-element_type=\"container\" data-e-type=\"container\">\n\t\t\t\t\t<div class=\"e-con-inner\">\n\t\t\t\t<div class=\"elementor-element elementor-element-1099270 elementor-widget elementor-widget-heading\" data-id=\"1099270\" data-element_type=\"widget\" data-e-type=\"widget\" data-widget_type=\"heading.default\">\n\t\t\t\t<div class=\"elementor-widget-container\">\n\t\t\t\t\t<h1 class=\"elementor-heading-title elementor-size-default\">Legal notice<\/h1>\t\t\t\t<\/div>\n\t\t\t\t<\/div>\n\t\t\t\t<div class=\"elementor-element elementor-element-0f5680c elementor-widget elementor-widget-text-editor\" data-id=\"0f5680c\" data-element_type=\"widget\" data-e-type=\"widget\" data-widget_type=\"text-editor.default\">\n\t\t\t\t<div class=\"elementor-widget-container\">\n\t\t\t\t\t\t\t\t\t<p><span style=\"font-style: inherit; font-weight: inherit; color: var( --e-global-color-text ); font-family: var( --e-global-typography-text-font-family ), Sans-serif; text-align: var(--text-align); background-color: var(--ast-global-color-4);\">En virtud de lo estipulado por el art\u00edculo 10 de la Ley 34\/2002, de 11 de Julio, de Servicios de la Sociedad de la Informaci\u00f3n y del Comercio Electr\u00f3nico, se informa al usuario que el dominio www.infopauto.com pertenece, como titular a:<\/span><\/p><table><tbody><tr><td><p>i4life innovaci\u00f3n y desarrollos, S.L. (en adelante, i4life)<\/p><p>NIF: B-52.562.428<\/p><p>Parque Cient\u00edfico Tecnol\u00f3gico. Edificio Vor\u00e1gine. Calle Profesor Potter, 183<\/p><p>Gij\u00f3n (33203 \u2013 Asturias)<\/p><p>www.infopauto.com<\/p><\/td><\/tr><\/tbody><\/table><table><tbody><tr><td>Inscrita en el Registro Mercantil de Asturias con n\u00famero de Tomo 4.307 Folio 60, Secci\u00f3n 8, Hoja n\u00ba 53.107, Inscripci\u00f3n 1.<\/td><\/tr><\/tbody><\/table><p><b>CONDICIONES DE USO<\/b><\/p><p>El uso de esta\u00a0<i>website<\/i>\u00a0se regir\u00e1 por las presentes condiciones, incluy\u00e9ndose los contenidos y servicios puestos a disposici\u00f3n de los usuarios. Es por ello que desde i4life le rogamos que lea atentamente estas condiciones ya que contienen toda la informaci\u00f3n relativa a sus derechos y obligaciones.<\/p><p>Debe saber que con el mero acceso a la\u00a0<i>website<\/i>\u00a0ya se le considerar\u00e1 como \u201cusuario\u201d de la misma y con ello acepta expresamente, de forma autom\u00e1tica y voluntaria, las condiciones vigentes en cada momento. En caso de que no desee aceptarlas se le recomienda no seguir haciendo uso de la\u00a0<i>website<\/i>.<\/p><p>i4life se reserva el derecho, en exclusiva y en cualquier momento, a revisar las presentes condiciones para introducir modificaciones derivadas de cambios legislativos o por decisiones corporativas, comprometi\u00e9ndose a publicar y con ello informar de las variaciones que pudieran afectar a los usuarios. Estas modificaciones se entender\u00e1n aceptadas cuando el usuario siga haciendo uso de la\u00a0<i>website<\/i>.<\/p><p>As\u00ed mismo, i4life se reserva el derecho a modificar unilateralmente, en cualquier momento y sin previo aviso, la estructura y dise\u00f1o de la\u00a0<i>website<\/i>, as\u00ed como los servicios o contenidos. Con estos mismos t\u00e9rminos, durante las tareas de modificaci\u00f3n, reparaci\u00f3n, actualizaci\u00f3n o mejoras se podr\u00e1 suspender el acceso a la website.<\/p><p>Podr\u00eda ocurrir que derivado de las modificaciones en la\u00a0<i>website<\/i>\u00a0descritas en el p\u00e1rrafo anterior se incluyeran nuevos contenidos o servicios que adem\u00e1s de estar sujetos a estas Condiciones de Uso tambi\u00e9n lo estuvieran a Condiciones Particulares o Especiales que ampliaran o sustituyeran las presentes. En caso de que hubiera alguna discordancia entre las generales y las particulares, prevalecer\u00e1 lo estipulado en estas \u00faltimas.<\/p><p>El acceso a determinados contenidos y la utilizaci\u00f3n de las diferentes funcionalidades de la presente\u00a0<i>website<\/i>\u00a0puede someterse a determinadas condiciones, que podr\u00e1n operar como condiciones particulares o generales, y que, en todo caso, ser\u00e1n mostradas con total transparencia antes de su aceptaci\u00f3n expresa con car\u00e1cter previo por parte de los usuarios. Estas condiciones podr\u00e1n sustituir, completar o, incluso, modificar las presentes condiciones de uso.<\/p><p><b>Obligaciones y responsabilidades de los usuarios<\/b><\/p><p>Durante el uso de la presente\u00a0<i>website<\/i>, el usuario se compromete a no contravenir la legislaci\u00f3n vigente, la buena fe, la costumbre y el orden p\u00fablico durante el uso de la presente\u00a0<i>website<\/i>, quedando prohibido el uso con fines il\u00edcitos, enga\u00f1osos, malintencionados o lesivos para i4life o terceros. Por tanto, el uso debe ser adecuado y correcto, absteni\u00e9ndose el usuario a realizar conductas da\u00f1inas a la imagen, intereses y\/o derechos de i4life y\/o terceros o da\u00f1e, inutilice o sobrecargue la\u00a0<i>website<\/i>. As\u00ed mismo, deber\u00e1 abstenerse de acceder, utilizar y\/o manipular los datos de i4life.<\/p><p>El usuario se compromete a facilitar informaci\u00f3n veraz a trav\u00e9s de las comunicaciones con i4life, constituy\u00e9ndose como \u00fanico responsable de los da\u00f1os o perjuicios que pudiera causar dicha informaci\u00f3n, por ser inexacta o falsa, tanto a i4life como a terceros.<\/p><p>El usuario es el \u00fanico responsable de asegurarse de cumplir con los requisitos t\u00e9cnicos m\u00ednimos y de conexi\u00f3n a internet necesarios para el correcto uso de la\u00a0<i>website<\/i>. En consecuencia, i4life no asumir\u00e1 responsabilidad alguna por la inadecuaci\u00f3n de los requisitos t\u00e9cnicos de los equipos del usuario que impidan el correcto funcionamiento operativo.<\/p><p>i4life se reserva el derecho a emprender las acciones legales necesarias en defensa de sus intereses o suspender temporalmente, y sin previo aviso, la accesibilidad a la\u00a0<i>website<\/i>\u00a0con motivo de operaciones de mantenimiento, reparaci\u00f3n, actualizaci\u00f3n o mejora.<\/p><p>El usuario se compromete a utilizar la presente\u00a0<i>website<\/i>\u00a0respetando los siguientes puntos:<\/p><ul><li aria-level=\"1\">El usuario se compromete a no provocar da\u00f1os, interrupciones, ineficiencias o defectos en su funcionamiento o en los sistemas inform\u00e1ticos de cualquier tercero o en su caso, de i4life. Tampoco podr\u00e1 llevarse a cabo conductas que provoquen la saturaci\u00f3n de los sistemas o infraestructura de la presente\u00a0<i>website<\/i>, o en los sistemas o redes de i4life.<\/li><li aria-level=\"1\">Usar la presente\u00a0<i>website<\/i>\u00a0para la transmisi\u00f3n, instalaci\u00f3n o propagaci\u00f3n de virus, c\u00f3digo malicioso o cualquier otro sistema perjudicial de naturaleza an\u00e1loga.<\/li><li aria-level=\"1\">El usuario se compromete a no realizar ning\u00fan intento de violaci\u00f3n de niveles de acceso, manipulaci\u00f3n incorrecta de datos, duplicaciones y exportaciones de datos o informaciones protegidas por propiedad intelectual u otros derechos legales, intentar el acceso a \u00e1reas restringidas de los sistemas inform\u00e1ticos de i4life, introducci\u00f3n de programas, virus o cualquier otro dispositivo que produzca o pueda producir modificaciones en el sistema inform\u00e1tico de i4life o de terceros, as\u00ed como a la utilizaci\u00f3n de sistemas de pirateo o falsificaci\u00f3n, extracci\u00f3n de contrase\u00f1as o de cualquier otro medio an\u00e1logo que pueda provocar un da\u00f1o a terceros o i4life.<\/li><li aria-level=\"1\">Queda absolutamente prohibido al usuario, de forma enunciativa pero no limitativa, realizar ingenier\u00eda inversa, descompilar, desensamblar, reproducir, traducir, modificar, versionar, comercializar, duplicar, transformar ni transmitir a terceros, en todo o en parte la\u00a0<i>website<\/i>, as\u00ed como eliminar, manipular o alterar de cualquier modo cualquier aviso o etiqueta f\u00edsica o l\u00f3gica que incluya los derechos de propiedad de i4life sobre la aplicaci\u00f3n.<\/li><li aria-level=\"1\">El usuario se compromete a no quebrantar o intentarlo, las medidas de seguridad o autenticaci\u00f3n de la presente\u00a0<i>website<\/i>, o de cualquier red conectada al mismo, incluyendo las medidas de seguridad o protecci\u00f3n de los contenidos alojados en la presente\u00a0<i>website<\/i>.<\/li><li aria-level=\"1\">La utilizaci\u00f3n de la\u00a0<i>website<\/i>\u00a0no implica la aceptaci\u00f3n, aprobaci\u00f3n y\/o conocimiento por parte del i4life del uso indebido que se haga de la\u00a0<i>website<\/i>, puesto que la i4life s\u00f3lo proporciona al usuario permisos para hacer un correcto uso de la misma, conforme al presente contrato. El usuario es el \u00fanico responsable del correcto uso de la\u00a0<i>website<\/i>.<\/li><li aria-level=\"1\">Todos los derechos que no se hayan incluido expresamente en las presentes condiciones de uso, incluidos los derechos en materia de propiedad intelectual e industrial, quedan reservados a i4life.<\/li><li aria-level=\"1\">El usuario se compromete a no utilizar la presente\u00a0<i>website<\/i>\u00a0para tratar datos de car\u00e1cter personal de otros usuarios.<\/li><li aria-level=\"1\">Impedir el normal desarrollo de un evento, concurso, promoci\u00f3n o cualquier otra actividad an\u00e1loga en la presente\u00a0<i>website<\/i>.\u00a0<\/li><\/ul><p><b>Propiedad Intelectual e Industrial.<\/b><\/p><p>i4life es titular o cuenta con las autorizaciones y\/o licencias sobre los derechos de explotaci\u00f3n de la propiedad intelectual e industrial de los contenidos, fotograf\u00edas, videos, dise\u00f1os, textos, gr\u00e1ficos, logos, iconos, botones, software, nombres comerciales, marcas o cualquier otro signo que pueda ser susceptible de comercializaci\u00f3n o uso industrial mostrados en la\u00a0<i>website,\u00a0<\/i>y est\u00e1n protegidos, entre otras, por las normas nacionales e internacionales de propiedad intelectual e industrial.<\/p><p>En ning\u00fan caso se podr\u00e1 entender que el acceso, navegaci\u00f3n y utilizaci\u00f3n de la presente\u00a0<i>website<\/i>\u00a0por parte del usuario, as\u00ed como la contrataci\u00f3n de servicios y\/ productos, da lugar a una licencia, transmisi\u00f3n, cesi\u00f3n o renuncia, total o parcial, de los derechos recogidos en el presente documento a favor del usuario. \u00danicamente se otorga un derecho de uso sobre el contenido y\/o servicios de la presente\u00a0<i>website<\/i>\u00a0dentro del \u00e1mbito dom\u00e9stico, siendo el acceso y navegaci\u00f3n con la finalidad de disfrutar de las prestaciones de servicios las permitidas dentro de estas condiciones de uso.<\/p><p>Queda prohibida la reproducci\u00f3n de la presente\u00a0<i>website<\/i>, as\u00ed como ninguno de sus contenidos, salvo autorizaci\u00f3n expresa y por escrito de i4life. Sin perjuicio, el usuario tendr\u00e1 el derecho a crear enlaces a la p\u00e1gina de la\u00a0<i>website<\/i>\u00a0para el uso privado y no comercial sujeto a diferentes condiciones, reserv\u00e1ndose i4life el derecho a solicitar, en cualquier momento, la eliminaci\u00f3n inmediata de cualquier enlace a la\u00a0<i>website<\/i>.<\/p><p>Igualmente, se proh\u00edbe suprimir, manipular o de cualquier otra forma, explotar los derechos econ\u00f3micos de i4life o de terceros sin la autorizaci\u00f3n de estos por escrito. Queda prohibido, igualmente, modificar, copiar, reproducir, comunicar de manera p\u00fablica, transformar o distribuir, el contenido de la presente\u00a0<i>website<\/i>\u00a0para cualquier otro prop\u00f3sito que no sea el recogido en el presente documento.<\/p><p>Todo objeto sujeto a propiedad intelectual y\/o industrial, ya sean titularidad del prestador o de terceros, lleva impl\u00edcita la prohibici\u00f3n de explotaci\u00f3n sin la previa autorizaci\u00f3n por escrito.<\/p><p>i4life ostenta la titularidad de los signos distintivos identificativos de su sociedad, por lo que proh\u00edbe su reproducci\u00f3n, imitaci\u00f3n, utilizaci\u00f3n o inserci\u00f3n de estos signos distintivos sin nuestra debida autorizaci\u00f3n.<\/p><p>La propiedad intelectual e industrial de la presente\u00a0<i>website<\/i>\u00a0est\u00e1n sujetas a la licencia de uso CC BY-NC-ND. Esta licencia no permite la generaci\u00f3n de obras derivadas ni hacer un uso comercial de la obra original, es decir, s\u00f3lo son posibles los usos y finalidades que no tengan car\u00e1cter comercial, salvo para aquello expresamente pactado en condiciones particulares con los usuarios.<\/p><p><b>Pol\u00edtica sobre enlaces<\/b><\/p><p>Es posible que la presente\u00a0<i>website<\/i>\u00a0contenga enlaces a p\u00e1ginas web de terceros. i4life informa que esas p\u00e1ginas web se encuentran gestionadas por terceros, no teniendo i4life ninguna responsabilidad sobre las mismas.<\/p><p>Indistintamente, en caso de que un usuario detecte que las p\u00e1ginas web de terceros lleva a cabo actividades ilegales o contravienen la legalidad vigente, se solicita comunicarlo directamente a i4life a fin de proceder al estudio del caso, y si fuere oportuno, deshabilitar el enlace a la p\u00e1gina web.\u00a0<\/p><p>Queda prohibida la reproducci\u00f3n de la presente\u00a0<i>website<\/i>, as\u00ed como ninguno de sus contenidos, salvo autorizaci\u00f3n expresa y por escrito de i4life. Sin perjuicio, el usuario tendr\u00e1 el derecho a crear enlaces a la p\u00e1gina de la\u00a0<i>website<\/i>\u00a0para el uso privado y no comercial sujeto a diferentes condiciones, reserv\u00e1ndose i4life el derecho a solicitar, en cualquier momento, la eliminaci\u00f3n inmediata de cualquier enlace a la\u00a0<i>website<\/i>. Las condiciones son:<\/p><ul><li aria-level=\"1\">Ser\u00e1 un derecho revocable y no exclusivo.<\/li><\/ul><ul><li aria-level=\"1\">No podr\u00e1 dar a entender que i4life recomienda dicho sitio web, servicios o productos ni falsear su relaci\u00f3n.<\/li><\/ul><ul><li aria-level=\"1\">No debe incluir contenidos considerados de mal gusto, obscenos, ofensivos controvertidos, incitadores a la violencia o discriminaci\u00f3n por sexo, raza o religi\u00f3n, contrarios al orden p\u00fablico o il\u00edcito.<\/li><\/ul><ul><li aria-level=\"1\">El enlace debe dirigir a la\u00a0<i>website<\/i>, sin que se permita la reproducci\u00f3n como parte de su web o dentro de uno de sus frames o crear un browser sobre cualquiera de las p\u00e1ginas de la\u00a0<i>website<\/i>.<\/li><\/ul><p>i4life no puede controlar la informaci\u00f3n, contenidos, productos o servicios facilitados por otros sitios web que tengan establecidos enlaces con destino a la\u00a0<i>website<\/i>. Por este motivo, no se hace responsable de cualquier aspecto relativo a tales sitios web.<\/p><p><b>Responsabilidad de la empresa<\/b><\/p><p>i4life no garantiza la fiabilidad, utilidad o veracidad de absolutamente toda la informaci\u00f3n de la presente\u00a0<i>website<\/i>. Por lo tanto, i4life no puede garantizar:<\/p><ul><li aria-level=\"1\">La continuidad de los contenidos alojados en la presente\u00a0<i>website<\/i>\u00a0o la ausencia de errores en dichos contenidos.<\/li><li aria-level=\"1\">A pesar de haber tomado medidas t\u00e9cnicas y organizativas en i4life seg\u00fan el estado de la t\u00e9cnica actual, la invulnerabilidad de la\u00a0<i>website<\/i>, y\/o la imposibilidad de vulnerar las medidas de seguridad que se adopten.<\/li><li aria-level=\"1\">Rendimiento de la\u00a0<i>website<\/i>.<\/li><li aria-level=\"1\">Posibles da\u00f1os causados por terceros al infringir las estipulaciones del presente documento.<\/li><\/ul><p>Asimismo, i4life no se hace responsable de los problemas resultantes del mal funcionamiento o uso de versiones no optimizadas de cualquier tipo de navegador, as\u00ed como de aquellas derivadas de interrupciones prolongadas del suministro el\u00e9ctrico, l\u00edneas de telecomunicaciones, conflictos sociales, huelgas, explosiones, inundaciones, actos y omisiones del Gobierno, y en general todos los supuestos de fuerza mayor o de caso fortuito.<\/p><p>Tanto el acceso a la\u00a0<i>website<\/i>\u00a0como el uso que pueda hacerse de la informaci\u00f3n contenida en la misma es de exclusiva responsabilidad de quien lo realiza. Por tanto, i4life no se responsabiliza de las consecuencias que pudiera ocasionar dicho uso o acceso a la informaci\u00f3n y \u00fanicamente proceder\u00e1 a la eliminaci\u00f3n, lo antes posible, de los contenidos que pudieran generar alg\u00fan tipo de da\u00f1o o perjuicio, siempre que as\u00ed se notifique o tenga conocimiento efectivo.\u00a0<\/p><p>i4life no responder\u00e1 de los posibles errores de seguridad que se puedan producir ni de los posibles da\u00f1os que se ocasionaren al sistema inform\u00e1tico del usuario, ficheros o documentos almacenados en el mismo, cuando tengan origen en un virus proveniente del ordenador del usuario, mal funcionamiento del navegador o del uso de versiones no actualizadas del mismo, de aver\u00edas telef\u00f3nicas, interferencias, omisiones o desconexiones en el funcionamiento operativo del sistema electr\u00f3nico motivados por causas ajenas a i4life.<\/p><p>i4life no puede controlar la informaci\u00f3n, contenidos, productos o servicios facilitados por otros sitios web que tengan establecidos enlaces con destino a la\u00a0<i>website<\/i>. Por este motivo, no se hace responsable de cualquier aspecto relativo a tales sitios web, ni puede asegurar su total disponibilidad.<\/p><p>En caso de incumplimiento de alguna de las disposiciones recogidas en el presente documentos, i4life se reserva el derecho de emprender las acciones oportunas amparadas en la legislaci\u00f3n vigente y en el ejercicio de sus derechos u obligaciones. Por ello, i4life podr\u00e1 poner en conocimiento de los cuerpos y seguridad del estado, as\u00ed como a tantas autoridades sean competentes o se estimen oportunas, si detectase cualquier infracci\u00f3n de la legislaci\u00f3n vigente, de las presente condiciones o si se tuviera sospecha de la comisi\u00f3n de alg\u00fan delito.\u00a0<\/p><p><b>Protecci\u00f3n de datos<\/b><\/p><p>i4life innovaci\u00f3n y desarrollos, S.L. (en adelante, i4life) tiene como objetivo respetar la privacidad de sus usuarios y proteger los datos de car\u00e1cter personal que \u00e9stos puedan facilitar a i4life.<\/p><p>En respeto a la Ley Org\u00e1nica 3\/2018, de 5 de diciembre, de Protecci\u00f3n de Datos Personales y garant\u00eda de los derechos digitales (en adelante, LOPDGDD) y el Reglamento General de Protecci\u00f3n de Datos de la Uni\u00f3n Europea (en adelante, RGPD), el usuario podr\u00e1 consultar la pol\u00edtica de privacidad de i4life en la presente\u00a0<i>website<\/i>.<\/p><p>Igualmente, se informa al usuario que tambi\u00e9n tiene a su disposici\u00f3n la pol\u00edtica de cookies en la presente\u00a0<i>website<\/i>.<\/p><p><b>Resoluci\u00f3n de conflictos. Ley aplicable y jurisdicci\u00f3n<\/b><\/p><p>Las partes acuerdan expresamente que el presente contrato se regir\u00e1 y ser\u00e1 interpretado, en todos sus t\u00e9rminos y condiciones, conforme a la vigente legislaci\u00f3n espa\u00f1ola.<\/p><p>Las partes se someten expresamente, para cualesquiera cuestiones o divergencias que pudieren suscitarse por raz\u00f3n de la interpretaci\u00f3n, cumplimiento y ejecuci\u00f3n de este contrato, a la jurisdicci\u00f3n y competencia de los Juzgados y Tribunales correspondientes al domicilio del consumidor o usuario o a los del lugar de cumplimiento de la obligaci\u00f3n contractual.<\/p><p>\u00daltima modificaci\u00f3n: 5 de febrero de 2024<\/p><p><b>Texto legal desarrollado por:\u00a0<\/b><\/p><p><b>\u00c1rea Digital Abogados, S.L.P.<\/b><\/p><p><a href=\"https:\/\/web.archive.org\/web\/20240805094135\/http:\/\/adabogados.net\/contacto\" target=\"_blank\" rel=\"noopener\">adabogados.net<\/a><\/p>\t\t\t\t\t\t\t\t<\/div>\n\t\t\t\t<\/div>\n\t\t\t\t\t<\/div>\n\t\t\t\t<\/div>\n\t\t\t\t<\/div>","protected":false},"excerpt":{"rendered":"<p>Aviso legal En virtud de lo estipulado por el art\u00edculo 10 de la Ley 34\/2002, de 11 de Julio, de [&hellip;]<\/p>\n","protected":false},"author":1,"featured_media":0,"parent":0,"menu_order":0,"comment_status":"closed","ping_status":"closed","template":"","meta":{"site-sidebar-layout":"no-sidebar","site-content-layout":"","ast-site-content-layout":"full-width-container","site-content-style":"default","site-sidebar-style":"default","ast-global-header-display":"","ast-banner-title-visibility":"","ast-main-header-display":"","ast-hfb-above-header-display":"","ast-hfb-below-header-display":"","ast-hfb-mobile-header-display":"","site-post-title":"disabled","ast-breadcrumbs-content":"","ast-featured-img":"disabled","footer-sml-layout":"","ast-disable-related-posts":"","theme-transparent-header-meta":"","adv-header-id-meta":"","stick-header-meta":"","header-above-stick-meta":"","header-main-stick-meta":"","header-below-stick-meta":"","astra-migrate-meta-layouts":"default","ast-page-background-enabled":"default","ast-page-background-meta":{"desktop":{"background-color":"var(--ast-global-color-5)","background-image":"","background-repeat":"repeat","background-position":"center center","background-size":"auto","background-attachment":"scroll","background-type":"","background-media":"","overlay-type":"","overlay-color":"","overlay-opacity":"","overlay-gradient":""},"tablet":{"background-color":"","background-image":"","background-repeat":"repeat","background-position":"center center","background-size":"auto","background-attachment":"scroll","background-type":"","background-media":"","overlay-type":"","overlay-color":"","overlay-opacity":"","overlay-gradient":""},"mobile":{"background-color":"","background-image":"","background-repeat":"repeat","background-position":"center center","background-size":"auto","background-attachment":"scroll","background-type":"","background-media":"","overlay-type":"","overlay-color":"","overlay-opacity":"","overlay-gradient":""}},"ast-content-background-meta":{"desktop":{"background-color":"var(--ast-global-color-4)","background-image":"","background-repeat":"repeat","background-position":"center center","background-size":"auto","background-attachment":"scroll","background-type":"","background-media":"","overlay-type":"","overlay-color":"","overlay-opacity":"","overlay-gradient":""},"tablet":{"background-color":"var(--ast-global-color-4)","background-image":"","background-repeat":"repeat","background-position":"center center","background-size":"auto","background-attachment":"scroll","background-type":"","background-media":"","overlay-type":"","overlay-color":"","overlay-opacity":"","overlay-gradient":""},"mobile":{"background-color":"var(--ast-global-color-4)","background-image":"","background-repeat":"repeat","background-position":"center center","background-size":"auto","background-attachment":"scroll","background-type":"","background-media":"","overlay-type":"","overlay-color":"","overlay-opacity":"","overlay-gradient":""}},"_joinchat":[],"footnotes":""},"class_list":["post-537","page","type-page","status-publish","hentry"],"_links":{"self":[{"href":"https:\/\/infopauto.com\/en\/wp-json\/wp\/v2\/pages\/537","targetHints":{"allow":["GET"]}}],"collection":[{"href":"https:\/\/infopauto.com\/en\/wp-json\/wp\/v2\/pages"}],"about":[{"href":"https:\/\/infopauto.com\/en\/wp-json\/wp\/v2\/types\/page"}],"author":[{"embeddable":true,"href":"https:\/\/infopauto.com\/en\/wp-json\/wp\/v2\/users\/1"}],"replies":[{"embeddable":true,"href":"https:\/\/infopauto.com\/en\/wp-json\/wp\/v2\/comments?post=537"}],"version-history":[{"count":4,"href":"https:\/\/infopauto.com\/en\/wp-json\/wp\/v2\/pages\/537\/revisions"}],"predecessor-version":[{"id":541,"href":"https:\/\/infopauto.com\/en\/wp-json\/wp\/v2\/pages\/537\/revisions\/541"}],"wp:attachment":[{"href":"https:\/\/infopauto.com\/en\/wp-json\/wp\/v2\/media?parent=537"}],"curies":[{"name":"wp","href":"https:\/\/api.w.org\/{rel}","templated":true}]}}